{"id":405,"date":"2019-03-12T19:32:40","date_gmt":"2019-03-12T19:32:40","guid":{"rendered":"https:\/\/dvergarnir.is\/product\/import-placeholder-for-6536\/"},"modified":"2026-04-06T12:56:24","modified_gmt":"2026-04-06T12:56:24","slug":"steypumuffa-m16-hg-med-steyputeini","status":"publish","type":"product","link":"https:\/\/dvergarnir.is\/en\/product\/steypumuffa-m16-hg-med-steyputeini\/","title":{"rendered":"INSERT M16 HG with rebar <div class=\"vnr\">DF008<\/div>"},"content":{"rendered":"<h3>INSERT M16 HG with rebar<\/h3>\n<p>16 mm skr\u00fafm\u00faffa me\u00f0 18 mm steypustyrktarj\u00e1rni 20 cm l\u00f6ngu.<br \/>\nThe concrete insert is adjusted and placed in concrete that is cast on site,<br \/>\ne.g. when building walls on plot boundaries or concrete sidewalks and<br \/>\nconcrete columns under sun decks and fences.<br \/>\nIt is then possible to use all types of connectors on top of a concrete structure.<\/p>\n<h3>Sizes<\/h3>\n<ul>\n<li>Bolt size M16<\/li>\n<li>Lengd 250 mm<\/li>\n<\/ul>\n<p>&nbsp;<\/p>\n<p>&nbsp;<\/p>","protected":false},"excerpt":{"rendered":"<p>16 mm insert with 8 mm rebar iron 2\u00d730 cm long.<\/p>","protected":false},"featured_media":2409,"template":"","meta":{"_monsterinsights_skip_tracking":false,"_monsterinsights_sitenote_active":false,"_monsterinsights_sitenote_note":"","_monsterinsights_sitenote_category":0},"product_brand":[],"product_cat":[109],"product_tag":[],"class_list":{"0":"post-405","1":"product","2":"type-product","3":"status-publish","4":"has-post-thumbnail","6":"product_cat-snittteinar-og-boltar","8":"first","9":"instock","10":"sale","11":"shipping-taxable","12":"purchasable","13":"product-type-simple"},"_links":{"self":[{"href":"https:\/\/dvergarnir.is\/en\/wp-json\/wp\/v2\/product\/405","targetHints":{"allow":["GET"]}}],"collection":[{"href":"https:\/\/dvergarnir.is\/en\/wp-json\/wp\/v2\/product"}],"about":[{"href":"https:\/\/dvergarnir.is\/en\/wp-json\/wp\/v2\/types\/product"}],"wp:featuredmedia":[{"embeddable":true,"href":"https:\/\/dvergarnir.is\/en\/wp-json\/wp\/v2\/media\/2409"}],"wp:attachment":[{"href":"https:\/\/dvergarnir.is\/en\/wp-json\/wp\/v2\/media?parent=405"}],"wp:term":[{"taxonomy":"product_brand","embeddable":true,"href":"https:\/\/dvergarnir.is\/en\/wp-json\/wp\/v2\/product_brand?post=405"},{"taxonomy":"product_cat","embeddable":true,"href":"https:\/\/dvergarnir.is\/en\/wp-json\/wp\/v2\/product_cat?post=405"},{"taxonomy":"product_tag","embeddable":true,"href":"https:\/\/dvergarnir.is\/en\/wp-json\/wp\/v2\/product_tag?post=405"}],"curies":[{"name":"wp","href":"https:\/\/api.w.org\/{rel}","templated":true}]}}