{"id":391,"date":"2020-01-04T19:32:39","date_gmt":"2020-01-04T19:32:39","guid":{"rendered":"https:\/\/dvergarnir.is\/product\/import-placeholder-for-6508\/"},"modified":"2026-04-06T12:54:18","modified_gmt":"2026-04-06T12:54:18","slug":"dvergurinn-hnerrir-15","status":"publish","type":"product","link":"https:\/\/dvergarnir.is\/en\/product\/dvergurinn-hnerrir-15\/","title":{"rendered":"HNERRIR <div class=\"vnr\">S041<\/div>"},"content":{"rendered":"<h3>Hnerrir<\/h3>\n<p>Hnerrir er fr\u00e1b\u00e6r alhli\u00f0a st\u00f3lpi sem hentar vel \u00fearsem l\u00edti\u00f0 r\u00fdmi er enda bara 15 cm h\u00e1r.<\/p>\n<h3>Connectors<\/h3>\n<p>The top has a 16mm hot-dip galvanized socket for attaching connectors.<br \/>\nThere is a large selection of connectors and therefore a variety of uses for the foundation.<\/p>\n<h3>Design<\/h3>\n<p>Hnerrir is made of C45 (MPa) concrete.<br \/>\nThere is a strong 8mm iron rebar in the pillar that connects to the socket at the top.<\/p>\n<h3>Sizes<\/h3>\n<ul>\n<li>Weight 60 kg<\/li>\n<li>Towing weight 60 kg<\/li>\n<li>Height 15 cm<\/li>\n<li>Top 40x40 cm<\/li>\n<li>Bottom 40x40 cm<\/li>\n<\/ul>","protected":false},"excerpt":{"rendered":"<p>Hnerrir is 15 cm high, weighs 60 kg and is suitable on top of frost-free soil where space is limited.<\/p>","protected":false},"featured_media":1235,"template":"","meta":{"_monsterinsights_skip_tracking":false,"_monsterinsights_sitenote_active":false,"_monsterinsights_sitenote_note":"","_monsterinsights_sitenote_category":0},"product_brand":[],"product_cat":[108],"product_tag":[],"class_list":{"0":"post-391","1":"product","2":"type-product","3":"status-publish","4":"has-post-thumbnail","6":"product_cat-undirstodur","8":"first","9":"instock","10":"sale","11":"shipping-taxable","12":"purchasable","13":"product-type-simple"},"_links":{"self":[{"href":"https:\/\/dvergarnir.is\/en\/wp-json\/wp\/v2\/product\/391","targetHints":{"allow":["GET"]}}],"collection":[{"href":"https:\/\/dvergarnir.is\/en\/wp-json\/wp\/v2\/product"}],"about":[{"href":"https:\/\/dvergarnir.is\/en\/wp-json\/wp\/v2\/types\/product"}],"wp:featuredmedia":[{"embeddable":true,"href":"https:\/\/dvergarnir.is\/en\/wp-json\/wp\/v2\/media\/1235"}],"wp:attachment":[{"href":"https:\/\/dvergarnir.is\/en\/wp-json\/wp\/v2\/media?parent=391"}],"wp:term":[{"taxonomy":"product_brand","embeddable":true,"href":"https:\/\/dvergarnir.is\/en\/wp-json\/wp\/v2\/product_brand?post=391"},{"taxonomy":"product_cat","embeddable":true,"href":"https:\/\/dvergarnir.is\/en\/wp-json\/wp\/v2\/product_cat?post=391"},{"taxonomy":"product_tag","embeddable":true,"href":"https:\/\/dvergarnir.is\/en\/wp-json\/wp\/v2\/product_tag?post=391"}],"curies":[{"name":"wp","href":"https:\/\/api.w.org\/{rel}","templated":true}]}}