{"id":2737,"date":"2020-02-11T19:30:14","date_gmt":"2020-02-11T19:30:14","guid":{"rendered":"https:\/\/dvergarnir.is\/?post_type=product&#038;p=2737"},"modified":"2026-04-06T12:46:10","modified_gmt":"2026-04-06T12:46:10","slug":"stauraskor-95-lettfeti-hg-df059","status":"publish","type":"product","link":"https:\/\/dvergarnir.is\/en\/product\/stauraskor-95-lettfeti-hg-df059\/","title":{"rendered":"STAURASK\u00d3R 95 L\u00c9TTFETI HG <div class=\"vnr\">DF059<\/div>"},"content":{"rendered":"<ul>\n<li>Staurask\u00f3rinn er skr\u00fafa\u00f0ur fastur ofan \u00e1 Dvergana me\u00f0 bolta M16x50 og staurinn festur me\u00f0 tveimur boltum M10x110.<br \/>\nBolts are sold separately<br \/>\nStaurask\u00f3rinn passar vel fyrir 95x95mm tr\u00e9staura og hentar vel \u00feegar um l\u00e1ga skj\u00f3lgir\u00f0ingu er a\u00f0 r\u00e6\u00f0a.<\/li>\n<\/ul>\n<h3>Sizes<\/h3>\n<p>Pole shoe<\/p>\n<ul>\n<li>H\u00e6\u00f0 165 mm<\/li>\n<li>D\u00fdpt 90 mm<\/li>\n<li>Width 95 mm<\/li>\n<\/ul>","protected":false},"excerpt":{"rendered":"<ul>\n<li>Mount for 95x95 mm pole.<\/li>\n<\/ul>","protected":false},"featured_media":2740,"template":"","meta":{"_monsterinsights_skip_tracking":false,"_monsterinsights_sitenote_active":false,"_monsterinsights_sitenote_note":"","_monsterinsights_sitenote_category":0},"product_brand":[],"product_cat":[107],"product_tag":[],"class_list":{"0":"post-2737","1":"product","2":"type-product","3":"status-publish","4":"has-post-thumbnail","6":"product_cat-tengistykki-2","8":"first","9":"instock","10":"sale","11":"shipping-taxable","12":"purchasable","13":"product-type-simple"},"_links":{"self":[{"href":"https:\/\/dvergarnir.is\/en\/wp-json\/wp\/v2\/product\/2737","targetHints":{"allow":["GET"]}}],"collection":[{"href":"https:\/\/dvergarnir.is\/en\/wp-json\/wp\/v2\/product"}],"about":[{"href":"https:\/\/dvergarnir.is\/en\/wp-json\/wp\/v2\/types\/product"}],"wp:featuredmedia":[{"embeddable":true,"href":"https:\/\/dvergarnir.is\/en\/wp-json\/wp\/v2\/media\/2740"}],"wp:attachment":[{"href":"https:\/\/dvergarnir.is\/en\/wp-json\/wp\/v2\/media?parent=2737"}],"wp:term":[{"taxonomy":"product_brand","embeddable":true,"href":"https:\/\/dvergarnir.is\/en\/wp-json\/wp\/v2\/product_brand?post=2737"},{"taxonomy":"product_cat","embeddable":true,"href":"https:\/\/dvergarnir.is\/en\/wp-json\/wp\/v2\/product_cat?post=2737"},{"taxonomy":"product_tag","embeddable":true,"href":"https:\/\/dvergarnir.is\/en\/wp-json\/wp\/v2\/product_tag?post=2737"}],"curies":[{"name":"wp","href":"https:\/\/api.w.org\/{rel}","templated":true}]}}