{"id":2718,"date":"2024-07-05T09:56:25","date_gmt":"2024-07-05T09:56:25","guid":{"rendered":"https:\/\/dvergarnir.is\/?post_type=product&#038;p=2718"},"modified":"2026-04-03T15:38:02","modified_gmt":"2026-04-03T15:38:02","slug":"hjalp-lyftistong-v001","status":"publish","type":"product","link":"https:\/\/dvergarnir.is\/en\/product\/hjalp-lyftistong-v001\/","title":{"rendered":"Hj\u00e1lp &#8211; lyftist\u00f6ng <div class=\"vnr\">V001<\/div>"},"content":{"rendered":"<h3>HJ\u00c1LP &#8211; LYFTIST\u00d6NG<\/h3>\n<p>S\u00e9rsm\u00ed\u00f0u\u00f0 lyftist\u00f6ng \u00e1 16mm snittteini sem passar \u00ed topp Dverganna. Stoppr\u00f3 er \u00e1 teininum til a\u00f0 stj\u00f3rna betur afst\u00f6\u00f0u\/sn\u00faningi Dvergsins \u00feegar lyftist\u00f6ng er notu\u00f0. St\u00f6ngin er skr\u00fafu\u00f0 \u00ed topp Dverganna og hentar vel fyrir tv\u00e6r manneskjur til a\u00f0 bera Dverganna \u00e1 milli s\u00edn og f\u00e6ra \u00fe\u00e1 til.<\/p>\n<h3>Sizes<\/h3>\n<ul>\n<li>Lengd 900mm<\/li>\n<li>\u00deverm\u00e1l 22mm<\/li>\n<li>Snittteinn 150x16mm<\/li>\n<\/ul>","protected":false},"excerpt":{"rendered":"<p>Lyftist\u00f6ng til a\u00f0 f\u00e6ra og stilla st\u00f3lpum.<\/p>","protected":false},"featured_media":2720,"template":"","meta":{"_monsterinsights_skip_tracking":false,"_monsterinsights_sitenote_active":false,"_monsterinsights_sitenote_note":"","_monsterinsights_sitenote_category":0},"product_brand":[],"product_cat":[109],"product_tag":[],"class_list":{"0":"post-2718","1":"product","2":"type-product","3":"status-publish","4":"has-post-thumbnail","6":"product_cat-snittteinar-og-boltar","8":"first","9":"instock","10":"sale","11":"shipping-taxable","12":"purchasable","13":"product-type-simple"},"_links":{"self":[{"href":"https:\/\/dvergarnir.is\/en\/wp-json\/wp\/v2\/product\/2718","targetHints":{"allow":["GET"]}}],"collection":[{"href":"https:\/\/dvergarnir.is\/en\/wp-json\/wp\/v2\/product"}],"about":[{"href":"https:\/\/dvergarnir.is\/en\/wp-json\/wp\/v2\/types\/product"}],"wp:featuredmedia":[{"embeddable":true,"href":"https:\/\/dvergarnir.is\/en\/wp-json\/wp\/v2\/media\/2720"}],"wp:attachment":[{"href":"https:\/\/dvergarnir.is\/en\/wp-json\/wp\/v2\/media?parent=2718"}],"wp:term":[{"taxonomy":"product_brand","embeddable":true,"href":"https:\/\/dvergarnir.is\/en\/wp-json\/wp\/v2\/product_brand?post=2718"},{"taxonomy":"product_cat","embeddable":true,"href":"https:\/\/dvergarnir.is\/en\/wp-json\/wp\/v2\/product_cat?post=2718"},{"taxonomy":"product_tag","embeddable":true,"href":"https:\/\/dvergarnir.is\/en\/wp-json\/wp\/v2\/product_tag?post=2718"}],"curies":[{"name":"wp","href":"https:\/\/api.w.org\/{rel}","templated":true}]}}