{"id":2311,"date":"2020-02-06T19:34:10","date_gmt":"2020-02-06T19:34:10","guid":{"rendered":"https:\/\/dvergarnir.is\/?post_type=product&#038;p=2311"},"modified":"2026-04-06T12:50:09","modified_gmt":"2026-04-06T12:50:09","slug":"stauraskor-95-xtra-teg-a-45-hg-df055","status":"publish","type":"product","link":"https:\/\/dvergarnir.is\/en\/product\/stauraskor-95-xtra-teg-a-45-hg-df055\/","title":{"rendered":"STAURASK\u00d3R 95 XTRA teg: A \/+45 HG <div class=\"vnr\">DF055<\/div>"},"content":{"rendered":"<h3>STAURASK\u00d3R 95 XTRA teg: A \/+45 HG<\/h3>\n<p>\u00c1 hli\u00f0 sk\u00f3sins er fastso\u00f0i\u00f0 eyra fyrir 45mm bj\u00e1lka sem g\u00e6ti t.d. veri\u00f0 undirbygging undir s\u00f3lpall.<\/p>\n<p>The pole shoe is screwed on top of the Dvergarnir with a bolt M16x50, the pole is fastened with a bolt M10x110 and the beam with M10x60.<br \/>\nBolts are sold separately<br \/>\nThe pole shoe fits well for 95x95mm wooden poles and ensures the stability of the fence without special bracing.<\/p>\n<h3>Sizes<\/h3>\n<p>Pole shoe<\/p>\n<ul>\n<li>H\u00e6\u00f0 180 mm<\/li>\n<li>Length 95 mm<\/li>\n<li>Width 95 mm<\/li>\n<\/ul>\n<p>Bracket<\/p>\n<ul>\n<li>Height 100 mm<\/li>\n<li>Length 60 mm<\/li>\n<li>Width 45 mm<\/li>\n<\/ul>","protected":false},"excerpt":{"rendered":"<p>Mount for 95\u00d795 mm pole with bracket for 45 mm beam.<\/p>","protected":false},"featured_media":2306,"template":"","meta":{"_monsterinsights_skip_tracking":false,"_monsterinsights_sitenote_active":false,"_monsterinsights_sitenote_note":"","_monsterinsights_sitenote_category":0},"product_brand":[],"product_cat":[107],"product_tag":[],"class_list":{"0":"post-2311","1":"product","2":"type-product","3":"status-publish","4":"has-post-thumbnail","6":"product_cat-tengistykki-2","8":"first","9":"instock","10":"sale","11":"shipping-taxable","12":"purchasable","13":"product-type-simple"},"_links":{"self":[{"href":"https:\/\/dvergarnir.is\/en\/wp-json\/wp\/v2\/product\/2311","targetHints":{"allow":["GET"]}}],"collection":[{"href":"https:\/\/dvergarnir.is\/en\/wp-json\/wp\/v2\/product"}],"about":[{"href":"https:\/\/dvergarnir.is\/en\/wp-json\/wp\/v2\/types\/product"}],"wp:featuredmedia":[{"embeddable":true,"href":"https:\/\/dvergarnir.is\/en\/wp-json\/wp\/v2\/media\/2306"}],"wp:attachment":[{"href":"https:\/\/dvergarnir.is\/en\/wp-json\/wp\/v2\/media?parent=2311"}],"wp:term":[{"taxonomy":"product_brand","embeddable":true,"href":"https:\/\/dvergarnir.is\/en\/wp-json\/wp\/v2\/product_brand?post=2311"},{"taxonomy":"product_cat","embeddable":true,"href":"https:\/\/dvergarnir.is\/en\/wp-json\/wp\/v2\/product_cat?post=2311"},{"taxonomy":"product_tag","embeddable":true,"href":"https:\/\/dvergarnir.is\/en\/wp-json\/wp\/v2\/product_tag?post=2311"}],"curies":[{"name":"wp","href":"https:\/\/api.w.org\/{rel}","templated":true}]}}