{"id":2138,"date":"2020-05-02T01:00:18","date_gmt":"2020-05-02T01:00:18","guid":{"rendered":"https:\/\/dvergarnir.is\/?post_type=product&#038;p=2138"},"modified":"2026-04-06T12:41:22","modified_gmt":"2026-04-06T12:41:22","slug":"undir-solpallinn-purkur-med-bjalkasko-45-langro","status":"publish","type":"product","link":"https:\/\/dvergarnir.is\/en\/product\/undir-solpallinn-purkur-med-bjalkasko-45-langro\/","title":{"rendered":"Undir gar\u00f0sk\u00farinn &#8211; Purkur me\u00f0 Bj\u00e1lkask\u00f3 45 m\/ Langr\u00f3"},"content":{"rendered":"<h3>The composite solution contains<\/h3>\n<ul>\n<li>1 pc. D060 Purkur<\/li>\n<li>1 pc. DF051 Beamshoe 45 HG w\/ Long nut<\/li>\n<li>1 pc. DF002 Threaded rod 100 M16 HG w\/track<\/li>\n<li>1 pc. DF027 Bolt M10x60 HG. and Nut<\/li>\n<\/ul>\n<h3>Purkur<\/h3>\n<p>Purkur is well suited to be buried in soil because it has an incredible towing weight when buried. It reaches a towing weight of 300 kg.<\/p>\n<p>The design of the pillar means that if it is dug down and compressed, it needs multiple weights to pull it up again.<br \/>\nThe pillar is 50 kg but the towing weight is 300 kg when it is buried.<\/p>\n<p>Purkur is made of C45 (MPa) concrete.<br \/>\nThere is a strong 8mm iron rebar in the pillar that connects to the socket at the top.<\/p>\n<h3>Sizes<\/h3>\n<ul>\n<li>Weight 50 kg<\/li>\n<li>Towing weight 300 kg<\/li>\n<li>Height 60 cm<\/li>\n<li>Top 15x15 cm<\/li>\n<li>Bottom 30 x 30 cm<\/li>\n<\/ul>\n<h3>BEAM SHOE 45 HG w\/ Long nut<\/h3>\n<p>Underneath the bottom of the Beam shoe is welded a 16mm long nut, which fits the threaded rod that is screwed into the top of the Dwarves,<br \/>\nthen it is possible to adjust the height and direction of the Beam Shoe so that it fits in the horizontal position of the beam that will be attached to it.<br \/>\nThe long nut improves the Beam shoes height adjustment even more and makes installation easier.<\/p>\n<p>The beam is then fastened with a bolt M10x60.<\/p>\n<p>There are also holes for screws on the sides of the Beam shoe.<br \/>\nThe beam shoe fits well for a 45 mm (2\u2033) beam as a base for a sun deck.<\/p>","protected":false},"excerpt":{"rendered":"<p>Composite product for 45 mm (2\u2033) beam.<\/p>","protected":false},"featured_media":2135,"template":"","meta":{"_monsterinsights_skip_tracking":false,"_monsterinsights_sitenote_active":false,"_monsterinsights_sitenote_note":"","_monsterinsights_sitenote_category":0},"product_brand":[],"product_cat":[111],"product_tag":[],"class_list":{"0":"post-2138","1":"product","2":"type-product","3":"status-publish","4":"has-post-thumbnail","6":"product_cat-samsett-vara","8":"first","9":"instock","10":"sale","11":"shipping-taxable","12":"purchasable","13":"product-type-simple"},"_links":{"self":[{"href":"https:\/\/dvergarnir.is\/en\/wp-json\/wp\/v2\/product\/2138","targetHints":{"allow":["GET"]}}],"collection":[{"href":"https:\/\/dvergarnir.is\/en\/wp-json\/wp\/v2\/product"}],"about":[{"href":"https:\/\/dvergarnir.is\/en\/wp-json\/wp\/v2\/types\/product"}],"wp:featuredmedia":[{"embeddable":true,"href":"https:\/\/dvergarnir.is\/en\/wp-json\/wp\/v2\/media\/2135"}],"wp:attachment":[{"href":"https:\/\/dvergarnir.is\/en\/wp-json\/wp\/v2\/media?parent=2138"}],"wp:term":[{"taxonomy":"product_brand","embeddable":true,"href":"https:\/\/dvergarnir.is\/en\/wp-json\/wp\/v2\/product_brand?post=2138"},{"taxonomy":"product_cat","embeddable":true,"href":"https:\/\/dvergarnir.is\/en\/wp-json\/wp\/v2\/product_cat?post=2138"},{"taxonomy":"product_tag","embeddable":true,"href":"https:\/\/dvergarnir.is\/en\/wp-json\/wp\/v2\/product_tag?post=2138"}],"curies":[{"name":"wp","href":"https:\/\/api.w.org\/{rel}","templated":true}]}}