{"id":1969,"date":"2020-05-30T10:00:57","date_gmt":"2020-05-30T10:00:57","guid":{"rendered":"https:\/\/dvergarnir.is\/?post_type=product&#038;p=1969"},"modified":"2026-04-03T15:58:55","modified_gmt":"2026-04-03T15:58:55","slug":"alfur-plus","status":"publish","type":"product","link":"https:\/\/dvergarnir.is\/en\/product\/alfur-plus\/","title":{"rendered":"\u00c1LFUR PL\u00daS+ <div class=\"vnr\">D031<\/div>"},"content":{"rendered":"<h3>\u00c1lfur Pl\u00fas+<\/h3>\n<p>\u00c1lfur Pl\u00fas+ is a great base when you need a low but strong pillar.<\/p>\n<h3>Connectors<\/h3>\n<p>The top has a 16mm hot-dip galvanized socket for attaching connectors.<br \/>\nThere is a large selection of connectors and therefore a variety of uses for the foundation.<\/p>\n<h3>Design<\/h3>\n<p>The design of the pillar means that if it is dug down and compressed, it needs multiple weights to pull it up again.<br \/>\nThe pillar is 80 kg but the towing weight is 300 kg when it is buried.<\/p>\n<p>\u00c1lfur Pl\u00fas+ is made of C45 (MPa) concrete.<br \/>\nThere is a strong 8mm iron rebar in the pillar that connects to the socket at the top.<\/p>\n<h3>Sizes<\/h3>\n<ul>\n<li>Weight 80 kg<\/li>\n<li>Towing weight 300 kg<\/li>\n<li>Height 40 cm<\/li>\n<li>Top 15\u00d715 cm<\/li>\n<li>Waist 30x30 cm<\/li>\n<li>Bottom 50x50cm<\/li>\n<\/ul>","protected":false},"excerpt":{"rendered":"<p>\u00c1lfur Pl\u00fas+ er 40 cm h\u00e1r, vegur 80 kg og hentar \u00fev\u00ed vel ofan jar\u00f0ar vegna st\u00e6r\u00f0ar \u00e1 grunnfleti.<\/p>","protected":false},"featured_media":1975,"template":"","meta":{"_monsterinsights_skip_tracking":false,"_monsterinsights_sitenote_active":false,"_monsterinsights_sitenote_note":"","_monsterinsights_sitenote_category":0},"product_brand":[],"product_cat":[108],"product_tag":[],"class_list":{"0":"post-1969","1":"product","2":"type-product","3":"status-publish","4":"has-post-thumbnail","6":"product_cat-undirstodur","8":"first","9":"instock","10":"sale","11":"shipping-taxable","12":"purchasable","13":"product-type-simple"},"_links":{"self":[{"href":"https:\/\/dvergarnir.is\/en\/wp-json\/wp\/v2\/product\/1969","targetHints":{"allow":["GET"]}}],"collection":[{"href":"https:\/\/dvergarnir.is\/en\/wp-json\/wp\/v2\/product"}],"about":[{"href":"https:\/\/dvergarnir.is\/en\/wp-json\/wp\/v2\/types\/product"}],"wp:featuredmedia":[{"embeddable":true,"href":"https:\/\/dvergarnir.is\/en\/wp-json\/wp\/v2\/media\/1975"}],"wp:attachment":[{"href":"https:\/\/dvergarnir.is\/en\/wp-json\/wp\/v2\/media?parent=1969"}],"wp:term":[{"taxonomy":"product_brand","embeddable":true,"href":"https:\/\/dvergarnir.is\/en\/wp-json\/wp\/v2\/product_brand?post=1969"},{"taxonomy":"product_cat","embeddable":true,"href":"https:\/\/dvergarnir.is\/en\/wp-json\/wp\/v2\/product_cat?post=1969"},{"taxonomy":"product_tag","embeddable":true,"href":"https:\/\/dvergarnir.is\/en\/wp-json\/wp\/v2\/product_tag?post=1969"}],"curies":[{"name":"wp","href":"https:\/\/api.w.org\/{rel}","templated":true}]}}