{"id":1595,"date":"2020-05-05T01:00:22","date_gmt":"2020-05-05T01:00:22","guid":{"rendered":"https:\/\/dvergarnir.is\/?post_type=product&#038;p=1595"},"modified":"2026-04-06T12:39:32","modified_gmt":"2026-04-06T12:39:32","slug":"undir-girdinguna-stauraskor-95-og-teitur","status":"publish","type":"product","link":"https:\/\/dvergarnir.is\/en\/product\/undir-girdinguna-stauraskor-95-og-teitur\/","title":{"rendered":"Undir gir\u00f0inguna &#8211; Teitur me\u00f0 Staurask\u00f3 95 Xtra"},"content":{"rendered":"<h3>The composite solution contains<\/h3>\n<ul>\n<li>1 pc. D080 Teitur<\/li>\n<li>1 stk. DF054 Staurask\u00f3r 95 Xtra HG<\/li>\n<li>1 pc. DF021 Bolt M16x50 8.8 HG 934 + Spring washer M16 HG and Washer M16 HG<\/li>\n<li>2 pcs. DF028 Bolt M10x110 HG. and Nut<\/li>\n<\/ul>\n<h3>Teitur<\/h3>\n<p>Teitur is a powerful pillar that is well suited for digging down as a base for fencing. Huge soil anchorage that reaches a towing weight of 600 kg.<\/p>\n<p>The design of the pillar means that if it is dug down and compressed, it needs multiple weights to pull it up again.<br \/>\nThe pillar is 65 kg but the towing weight is 600 kg when it is buried.<\/p>\n<p>Teitur is made of C45 (MPa) concrete.<br \/>\nThere is a strong 8mm iron rebar in the pillar that connects to the socket at the top.<\/p>\n<h3>Sizes<\/h3>\n<ul>\n<li>Weight 65 kg<\/li>\n<li>Towing weight 600 kg<\/li>\n<li>Height 80 cm<\/li>\n<li>Top 15x15 cm<\/li>\n<li>Bottom 30 x 30 cm<\/li>\n<\/ul>\n<h3>STAURASK\u00d3R 95 XTRA HG<\/h3>\n<p>The Pole shoe is screwed on top of the Dwarves with a bolt M16x50 and the pole is fastened with a bolt M10x110.<br \/>\nThe bottom of the shoe also has four holes for screws so it is easy to screw the shoe on top of wooden foundations or a wooden platform.<br \/>\nThe pole shoe fits well for 95x95mm wooden poles.<\/p>\n<p>&nbsp;<\/p>","protected":false},"excerpt":{"rendered":"<p>Composit product with everything for 95x95 mm (4\") pole.<\/p>","protected":false},"featured_media":1898,"template":"","meta":{"_monsterinsights_skip_tracking":false,"_monsterinsights_sitenote_active":false,"_monsterinsights_sitenote_note":"","_monsterinsights_sitenote_category":0},"product_brand":[],"product_cat":[111],"product_tag":[],"class_list":{"0":"post-1595","1":"product","2":"type-product","3":"status-publish","4":"has-post-thumbnail","6":"product_cat-samsett-vara","8":"first","9":"instock","10":"sale","11":"shipping-taxable","12":"purchasable","13":"product-type-simple"},"_links":{"self":[{"href":"https:\/\/dvergarnir.is\/en\/wp-json\/wp\/v2\/product\/1595","targetHints":{"allow":["GET"]}}],"collection":[{"href":"https:\/\/dvergarnir.is\/en\/wp-json\/wp\/v2\/product"}],"about":[{"href":"https:\/\/dvergarnir.is\/en\/wp-json\/wp\/v2\/types\/product"}],"wp:featuredmedia":[{"embeddable":true,"href":"https:\/\/dvergarnir.is\/en\/wp-json\/wp\/v2\/media\/1898"}],"wp:attachment":[{"href":"https:\/\/dvergarnir.is\/en\/wp-json\/wp\/v2\/media?parent=1595"}],"wp:term":[{"taxonomy":"product_brand","embeddable":true,"href":"https:\/\/dvergarnir.is\/en\/wp-json\/wp\/v2\/product_brand?post=1595"},{"taxonomy":"product_cat","embeddable":true,"href":"https:\/\/dvergarnir.is\/en\/wp-json\/wp\/v2\/product_cat?post=1595"},{"taxonomy":"product_tag","embeddable":true,"href":"https:\/\/dvergarnir.is\/en\/wp-json\/wp\/v2\/product_tag?post=1595"}],"curies":[{"name":"wp","href":"https:\/\/api.w.org\/{rel}","templated":true}]}}