{"id":2,"date":"2020-02-08T20:12:04","date_gmt":"2020-02-08T20:12:04","guid":{"rendered":"http:\/?page_id=2"},"modified":"2025-01-29T09:50:47","modified_gmt":"2025-01-29T09:50:47","slug":"framleidandi","status":"publish","type":"page","link":"https:\/\/dvergarnir.is\/en\/framleidandi\/","title":{"rendered":"Contact"},"content":{"rendered":"\n\n\t<section class=\"section has-mask mask-circle\" id=\"section_830318944\">\n\t\t<div class=\"section-bg fill\" >\n\t\t\t\t\t\t\t\t\t\n\t\t\t\n\n\t\t<\/div>\n\n\t\t\n\n\t\t<div class=\"section-content relative\">\n\t\t\t\n\n<div class=\"row align-center\"  id=\"row-128099039\">\n\n\n\t<div id=\"col-125551692\" class=\"col small-12 large-12\"  >\n\t\t\t\t<div class=\"col-inner text-center\"  >\n\t\t\t\n\t\t\t\n\n<h2>\u00a0<\/h2>\n<h2 class=\"uppercase\">Vantar \u00feig r\u00e1\u00f0gj\u00f6f?<\/h2>\n<p>\u00a0<\/p>\n<h2 class=\"uppercase\">Vi\u00f0 getum a\u00f0sto\u00f0a\u00f0 \u00feig,<\/h2>\n<h2 class=\"uppercase\">Heyr\u00f0u \u00ed okkur<\/h2>\n<p>\u00a0<\/p>\n<div class=\"row\"  id=\"row-862125525\">\n\n\n\t<div id=\"col-1766787852\" class=\"col medium-4 small-12 large-4\"  data-animate=\"flipInY\">\n\t\t\t\t<div class=\"col-inner\"  >\n\t\t\t\n\t\t\t\n\n    <div class=\"box has-hover has-hover box-shadow-3-hover box-default box-text-bottom\" >\n\n                  <div class=\"box-image \" style=\"width:80%;\">\n           <div class=\"box-image-inner image-cover\" style=\"border-radius:100%;padding-top:100%;\">\n              <img decoding=\"async\" width=\"300\" height=\"300\" src=\"https:\/\/dvergarnir.is\/wp-content\/uploads\/2020\/05\/Brynjar_Hunfjord_300x300-2.png\" class=\"attachment- size-\" alt=\"Brynjar Framlei\u00f0slustj\u00f3ri\" srcset=\"https:\/\/dvergarnir.is\/wp-content\/uploads\/2020\/05\/Brynjar_Hunfjord_300x300-2.png 300w, https:\/\/dvergarnir.is\/wp-content\/uploads\/2020\/05\/Brynjar_Hunfjord_300x300-2-100x100.png 100w, https:\/\/dvergarnir.is\/wp-content\/uploads\/2020\/05\/Brynjar_Hunfjord_300x300-2-247x247.png 247w, https:\/\/dvergarnir.is\/wp-content\/uploads\/2020\/05\/Brynjar_Hunfjord_300x300-2-280x280.png 280w\" sizes=\"(max-width: 300px) 100vw, 300px\" \/>                         <\/div>\n          <\/div>\n         \n          <div class=\"box-text text-center\" >\n                <div class=\"box-text-inner\">\n                  <h4 class=\"uppercase\">\n                    <span class=\"person-name\">Brynjar H\u00fanfj\u00f6r\u00f0<\/span><br\/>\n                    <span class=\"person-title is-small thin-font op-7\">\n                      Framkv\u00e6mdarstj\u00f3ri                    <\/span>\n                  <\/h4>\n\t\t\t\t\t\n\n<p><i class=\"icon-phone\" style=\"font-size:20px;\"><\/i><a href=\"tel:858-9102\">858-9102<\/a><\/p>\n<p><a href=\"mailto:brynjar@islandshus.is\">brynjar@islandshus.is<\/a><\/p>\n\n                <\/div>\n          <\/div>\n    <\/div>\n\n\t\n    \n\n\t\t<\/div>\n\t\t\t\t\t<\/div>\n\n\t\n\n\t<div id=\"col-1694768009\" class=\"col medium-4 small-12 large-4\"  data-animate=\"flipInY\">\n\t\t\t\t<div class=\"col-inner\"  >\n\t\t\t\n\t\t\t\n\n    <div class=\"box has-hover has-hover box-shadow-3-hover box-text-bottom\" >\n\n                  <div class=\"box-image \" style=\"width:80%;\">\n           <div class=\"box-image-inner image-cover\" style=\"border-radius:100%;padding-top:100%;\">\n              <img decoding=\"async\" width=\"300\" height=\"300\" src=\"https:\/\/dvergarnir.is\/wp-content\/uploads\/2020\/05\/Oskar_Hunfjord-300x300-2.png\" class=\"attachment- size-\" alt=\"\u00d3skar Framkv\u00e6mdarstj\u00f3ri\" srcset=\"https:\/\/dvergarnir.is\/wp-content\/uploads\/2020\/05\/Oskar_Hunfjord-300x300-2.png 300w, https:\/\/dvergarnir.is\/wp-content\/uploads\/2020\/05\/Oskar_Hunfjord-300x300-2-100x100.png 100w, https:\/\/dvergarnir.is\/wp-content\/uploads\/2020\/05\/Oskar_Hunfjord-300x300-2-247x247.png 247w, https:\/\/dvergarnir.is\/wp-content\/uploads\/2020\/05\/Oskar_Hunfjord-300x300-2-280x280.png 280w\" sizes=\"(max-width: 300px) 100vw, 300px\" \/>                         <\/div>\n          <\/div>\n         \n          <div class=\"box-text text-center\" >\n                <div class=\"box-text-inner\">\n                  <h4 class=\"uppercase\">\n                    <span class=\"person-name\">\u00d3skar H\u00fanfj\u00f6r\u00f0<\/span><br\/>\n                    <span class=\"person-title is-small thin-font op-7\">\n                      N\u00fdsk\u00f6pun                    <\/span>\n                  <\/h4>\n\t\t\t\t\t\n\n<p><i class=\"icon-phone\" style=\"font-size:20px;\"><\/i><a href=\"tel:858-9100\">858-9100<\/a><\/p>\n<p><a href=\"mailto:oskar@islandshus.is\">oskar@islandshus.is<\/a><\/p>\n\n                <\/div>\n          <\/div>\n    <\/div>\n\n\t\n    \n\n\t\t<\/div>\n\t\t\t\t\t<\/div>\n\n\t\n\n<\/div>\n\n\t\t<\/div>\n\t\t\t\t\t<\/div>\n\n\t\n\n\t<div id=\"col-1302511232\" class=\"col medium-7 small-12 large-7\"  >\n\t\t\t\t<div class=\"col-inner\"  >\n\t\t\t\n\t\t\t\n\n<h1 style=\"text-align: center;\">\u00a0<\/h1>\n<h1 class=\"uppercase\" style=\"text-align: center;\">E\u00f0a sendu okkur l\u00ednu<\/h1>\n<h1 class=\"uppercase\" style=\"text-align: center;\">og vi\u00f0 ver\u00f0um \u00ed bandi<\/h1>\n<div class=\"wpforms-container wpforms-container-full\" id=\"wpforms-2275\"><form id=\"wpforms-form-2275\" class=\"wpforms-validate wpforms-form wpforms-ajax-form\" data-formid=\"2275\" method=\"post\" enctype=\"multipart\/form-data\" action=\"\/en\/wp-json\/wp\/v2\/pages\/2\" data-token=\"f1d60c9c7635808879ed36de7034e6aa\" data-token-time=\"1775694119\"><noscript class=\"wpforms-error-noscript\">Please enable JavaScript in your browser to complete this form.<\/noscript><div class=\"wpforms-field-container\"><div id=\"wpforms-2275-field_3-container\" class=\"wpforms-field wpforms-field-name\" data-field-id=\"3\"><label class=\"wpforms-field-label\" for=\"wpforms-2275-field_3\">Nafn <span class=\"wpforms-required-label\">*<\/span><\/label><input type=\"text\" id=\"wpforms-2275-field_3\" class=\"wpforms-field-medium wpforms-field-required\" name=\"wpforms[fields][3]\" required><\/div><div id=\"wpforms-2275-field_1-container\" class=\"wpforms-field wpforms-field-email\" data-field-id=\"1\"><label class=\"wpforms-field-label\" for=\"wpforms-2275-field_1\">Netfang <span class=\"wpforms-required-label\">*<\/span><\/label><input type=\"email\" id=\"wpforms-2275-field_1\" class=\"wpforms-field-medium wpforms-field-required\" name=\"wpforms[fields][1]\" spellcheck=\"false\" required><\/div><div id=\"wpforms-2275-field_2-container\" class=\"wpforms-field wpforms-field-textarea\" data-field-id=\"2\"><label class=\"wpforms-field-label\" for=\"wpforms-2275-field_2\">Skilabo\u00f0 <span class=\"wpforms-required-label\">*<\/span><\/label><textarea id=\"wpforms-2275-field_2\" class=\"wpforms-field-medium wpforms-field-required\" name=\"wpforms[fields][2]\" required><\/textarea><\/div><\/div><!-- .wpforms-field-container --><div class=\"wpforms-recaptcha-container wpforms-is-recaptcha wpforms-is-recaptcha-type-v3\" ><input type=\"hidden\" name=\"wpforms[recaptcha]\" value=\"\"><\/div><div class=\"wpforms-submit-container\" ><input type=\"hidden\" name=\"wpforms[id]\" value=\"2275\"><input type=\"hidden\" name=\"page_title\" value=\"\"><input type=\"hidden\" name=\"page_url\" value=\"https:\/\/dvergarnir.is\/en\/wp-json\/wp\/v2\/pages\/2\"><input type=\"hidden\" name=\"url_referer\" value=\"\"><button type=\"submit\" name=\"wpforms[submit]\" id=\"wpforms-submit-2275\" class=\"wpforms-submit\" data-alt-text=\"Er a\u00f0 senda...\" data-submit-text=\"Senda\" aria-live=\"assertive\" value=\"wpforms-submit\">Senda<\/button><img decoding=\"async\" src=\"https:\/\/dvergarnir.is\/wp-content\/plugins\/wpforms-lite\/assets\/images\/submit-spin.svg\" class=\"wpforms-submit-spinner\" style=\"display: none;\" width=\"26\" height=\"26\" alt=\"Loading\"><\/div><\/form><\/div>  <!-- .wpforms-container -->\n\n\t\t<\/div>\n\t\t\t\t\n<style>\n#col-1302511232 > .col-inner {\n  padding: 0px 0px 100px 0px;\n}\n<\/style>\n\t<\/div>\n\n\t\n\n<\/div>\n\n\t\t<\/div>\n\n\t\t\n<style>\n#section_830318944 {\n  padding-top: 31px;\n  padding-bottom: 31px;\n  background-color: #fdb813;\n}\n<\/style>\n\t<\/section>\n\t\n\n\t<section class=\"section\" id=\"section_2028069461\">\n\t\t<div class=\"section-bg fill\" >\n\t\t\t\t\t\t\t\t\t\n\t\t\t\n\n\t\t<\/div>\n\n\t\t\n\n\t\t<div class=\"section-content relative\">\n\t\t\t\n\n<div class=\"row align-center\"  id=\"row-963376505\">\n\n\n\t<div id=\"col-1487863999\" class=\"col small-12 large-12\"  >\n\t\t\t\t<div class=\"col-inner text-center\"  >\n\t\t\t\n\t\t\t\n\n<h2>&nbsp;<\/h2>\n<h2 class=\"uppercase\">Hvar erum vi\u00f0?<\/h2>\n<p>&nbsp;<\/p>\n<div class=\"row\"  id=\"row-2125137023\">\n\n\n\t<div id=\"col-286562993\" class=\"col small-12 large-12\"  >\n\t\t\t\t<div class=\"col-inner\"  >\n\t\t\t\n\t\t\t\n\n<h3>S\u00f6luskrifstofa og verksmi\u00f0ja<\/h3>\n<p>\u00de\u00e9r er velkomi\u00f0 a\u00f0 k\u00edkja vi\u00f0 og f\u00e1 r\u00e1\u00f0gj\u00f6f hj\u00e1 okkur.&nbsp;<\/p>\n<p><span style=\"font-size: 110%;\">Bogatr\u00f6\u00f0 13<\/span><br \/><span style=\"font-size: 110%;\">235 Reykjanesb\u00e6<\/span><\/p>\n<a href=\"https:\/\/www.google.com\/maps\/place\/Bogatr%C3%B6%C3%B0+13\/@63.9637336,-22.582565,17z\/data=!3m1!4b1!4m5!3m4!1s0x4929fd8692522d41:0x9b6d72ec6edcdc9c!8m2!3d63.9637336!4d-22.5803763\" target=\"_blank\" class=\"button alert is-outline\" rel=\"noopener\" style=\"border-radius:99px;\">\n\t\t<span>Google Maps<\/span>\n\t<i class=\"icon-map-pin-fill\" aria-hidden=\"true\"><\/i><\/a>\n\n\n<a href=\"https:\/\/ja.is\/kort\/?page=1&#038;q=bogatr%C3%B6%C3%B0%2013&#038;x=324660&#038;y=389434&#038;nz=17.00&#038;d=hashid%3AYJNMb\" target=\"_blank\" class=\"button alert is-outline\" rel=\"noopener\" style=\"border-radius:99px;\">\n\t\t<span>J\u00e1.is<\/span>\n\t<i class=\"icon-map-pin-fill\" aria-hidden=\"true\"><\/i><\/a>\n\n\n\n\t\t<\/div>\n\t\t\t\t\t<\/div>\n\n\t\n\n<\/div>\n\n\t\t<\/div>\n\t\t\t\t\t<\/div>\n\n\t\n\n<\/div>\n\n\t\t<\/div>\n\n\t\t\n<style>\n#section_2028069461 {\n  padding-top: 30px;\n  padding-bottom: 30px;\n  min-height: 300px;\n}\n<\/style>\n\t<\/section>\n\t\n\n\t<section class=\"section has-mask mask-angled-large\" id=\"section_1991808502\">\n\t\t<div class=\"section-bg fill\" >\n\t\t\t\t\t\t\t\t\t\n\t\t\t\n\n\t\t<\/div>\n\n\t\t\n\n\t\t<div class=\"section-content relative\">\n\t\t\t\n\n<div class=\"row align-center\"  id=\"row-1033026055\">\n\n\n\t<div id=\"col-1595372827\" class=\"col medium-10 small-12 large-10\"  >\n\t\t\t\t<div class=\"col-inner text-center\"  >\n\t\t\t\n\t\t\t\n\n<h2 class=\"uppercase\">Framlei\u00f0andi Dvergana<\/h2>\n<p style=\"text-align: left;\">&nbsp;<\/p>\n<p style=\"text-align: left;\">\u00cdslandsh\u00fas er n\u00fdsk\u00f6punarfyrirt\u00e6ki sem \u00fer\u00f3ar og framlei\u00f0ir forsteyptar einingar og n\u00fdja tegund st\u00f3lpa, Dvergana\u00ae, &nbsp;sem eru undirst\u00f6\u00f0ur undir t.d. sumarh\u00fas, b\u00edlsk\u00fdli, sm\u00e1h\u00fdsi, s\u00f3lpalla, gir\u00f0ingar, g\u00f6ngust\u00edga, stiga og br\u00fdr, skilti og flaggstangir, \u00ed\u00fer\u00f3tta- og leikt\u00e6ki ofl. Tengihlutirnir eru s\u00e9rhanna\u00f0ir fyrir dvergana og framleiddir \u00e1 \u00cdslandi.<\/p>\n<p style=\"text-align: left;\"><strong>\u00cdslandsh\u00fas leggur \u00e1herslu \u00e1 a\u00f0 hanna og framlei\u00f0a v\u00f6rur sem hafa kosti og notagildi umfram a\u00f0rar hef\u00f0bundnar lausnir.<\/strong><\/p>\n<p style=\"text-align: left;\">\u00cdslandsh\u00fas framlei\u00f0ir fj\u00f6lbreytt \u00farval af forsteyptum einingum og tengistykkjum b\u00e6\u00f0i fyrir einka\u00f0ila, fyrirt\u00e6ki og sveitarf\u00e9l\u00f6g. H\u00e6gt er a\u00f0 n\u00e1lgast b\u00e6klinga og anna\u00f0 efni inn \u00e1 vefs\u00ed\u00f0u \u00cdslandsh\u00fasa.<\/p>\n\t<div class=\"img has-hover x md-x lg-x y md-y lg-y\" id=\"image_1145900212\">\n\t\t<a class=\"\" href=\"https:\/\/islandshus.is\/\" target=\"_blank\" rel=\"noopener\" >\t\t\t\t<div data-animate=\"bounceInDown\">\t\t<div class=\"img-inner dark\" style=\"margin:30px 0px 0px 0px;\">\n\t\t\t<img decoding=\"async\" width=\"800\" height=\"350\" src=\"https:\/\/dvergarnir.is\/wp-content\/uploads\/2020\/04\/Islandshus-logo.png\" class=\"attachment-large size-large\" alt=\"Company Logo\" srcset=\"https:\/\/dvergarnir.is\/wp-content\/uploads\/2020\/04\/Islandshus-logo.png 800w, https:\/\/dvergarnir.is\/wp-content\/uploads\/2020\/04\/Islandshus-logo-400x175.png 400w, https:\/\/dvergarnir.is\/wp-content\/uploads\/2020\/04\/Islandshus-logo-750x328.png 750w, https:\/\/dvergarnir.is\/wp-content\/uploads\/2020\/04\/Islandshus-logo-768x336.png 768w\" sizes=\"(max-width: 800px) 100vw, 800px\" \/>\t\t\t\t\t\t\n\t\t\t\t\t<\/div>\n\t\t<\/div>\t\t\t\t<\/a>\t\t\n<style>\n#image_1145900212 {\n  width: 56%;\n}\n@media (min-width:550px) {\n  #image_1145900212 {\n    width: 42%;\n  }\n}\n@media (min-width:850px) {\n  #image_1145900212 {\n    width: 28%;\n  }\n}\n<\/style>\n\t<\/div>\n\t\n\n\n\t\t<\/div>\n\t\t\t\t\t<\/div>\n\n\t\n\n<\/div>\n\n\t\t<\/div>\n\n\t\t\n<style>\n#section_1991808502 {\n  padding-top: 100px;\n  padding-bottom: 100px;\n  min-height: 300px;\n  background-color: rgb(210, 210, 210);\n}\n@media (min-width:850px) {\n  #section_1991808502 {\n    padding-top: 100px;\n    padding-bottom: 100px;\n  }\n}\n<\/style>\n\t<\/section>\n\t\n\n","protected":false},"excerpt":{"rendered":"","protected":false},"author":2,"featured_media":0,"parent":0,"menu_order":0,"comment_status":"closed","ping_status":"closed","template":"","meta":{"_monsterinsights_skip_tracking":false,"_monsterinsights_sitenote_active":false,"_monsterinsights_sitenote_note":"","_monsterinsights_sitenote_category":0,"footnotes":""},"class_list":["post-2","page","type-page","status-publish","hentry"],"_links":{"self":[{"href":"https:\/\/dvergarnir.is\/en\/wp-json\/wp\/v2\/pages\/2","targetHints":{"allow":["GET"]}}],"collection":[{"href":"https:\/\/dvergarnir.is\/en\/wp-json\/wp\/v2\/pages"}],"about":[{"href":"https:\/\/dvergarnir.is\/en\/wp-json\/wp\/v2\/types\/page"}],"author":[{"embeddable":true,"href":"https:\/\/dvergarnir.is\/en\/wp-json\/wp\/v2\/users\/2"}],"replies":[{"embeddable":true,"href":"https:\/\/dvergarnir.is\/en\/wp-json\/wp\/v2\/comments?post=2"}],"version-history":[{"count":0,"href":"https:\/\/dvergarnir.is\/en\/wp-json\/wp\/v2\/pages\/2\/revisions"}],"wp:attachment":[{"href":"https:\/\/dvergarnir.is\/en\/wp-json\/wp\/v2\/media?parent=2"}],"curies":[{"name":"wp","href":"https:\/\/api.w.org\/{rel}","templated":true}]}}