{"id":1894,"date":"2020-05-18T15:41:15","date_gmt":"2020-05-18T15:41:15","guid":{"rendered":"https:\/\/dvergarnir.is\/?page_id=1894"},"modified":"2020-05-18T15:59:41","modified_gmt":"2020-05-18T15:59:41","slug":"vafrakokur","status":"publish","type":"page","link":"https:\/\/dvergarnir.is\/en\/vafrakokur\/","title":{"rendered":"Cookies"},"content":{"rendered":"<section class=\"section has-mask mask-angled-large\" id=\"section_131670243\">\n\t\t<div class=\"section-bg fill\" >\n\t\t\t\t\t\t\t\t\t\n\t\t\t\n\n\t\t<\/div>\n\n\t\t\n\n\t\t<div class=\"section-content relative\">\n\t\t\t\n\n<div class=\"row align-center\"  id=\"row-1935929110\">\n\n\n\t<div id=\"col-1267587759\" class=\"col small-12 large-12\"  data-animate=\"bounceIn\">\n\t\t\t\t<div class=\"col-inner text-center\"  >\n\t\t\t\n\t\t\t\n\n<h1 style=\"text-align: center;\">VAFRAK\u00d6KUR<\/h1>\n<h3>\u00a0<\/h3>\n<p style=\"text-align: left;\">F\u00f3tspor e\u00f0a vafrak\u00f6kur eru g\u00f6gn sem send eru fr\u00e1 vefs\u00ed\u00f0u og eru geymd \u00ed minni vafra.<\/p>\n<p style=\"text-align: left;\">Vefverslun krefst vafrakaka til a\u00f0 geta virka\u00f0 sem skyldi \u00fear sem vefs\u00ed\u00f0ur eru r\u00edkisfangslausar (\u00feeir muna ekki uppl\u00fdsingar um notendur fr\u00e1 einni innri s\u00ed\u00f0u til annarrar). A\u00f0rar vafrak\u00f6kur eru nota\u00f0ar til a\u00f0 fylgjast me\u00f0 a\u00f0ger\u00f0um notenda \u00e1 einum vef e\u00f0a \u00e1 m\u00f6rgum vefjum til a\u00f0 safna uppl\u00fdsingum um notkun e\u00f0a bera kennsl \u00e1 \u00e1hugam\u00e1l og kortleggja heg\u00f0un til a\u00f0 geta bo\u00f0i\u00f0 vi\u00f0eigandi augl\u00fdsingar.<\/p>\n<p style=\"text-align: left;\">H\u00e9r a\u00f0 ne\u00f0an er l\u00fdsing \u00e1 \u00feeim vafrak\u00f6kum sem eru \u00ed notkun.<\/p>\n<p style=\"text-align: left;\">\u00a0<\/p>\n<hr \/>\n<h3 style=\"text-align: center;\">NAU\u00d0SYNILEGAR VAFRAK\u00d6KUR<\/h3>\n<p style=\"text-align: left;\">Nau\u00f0synlegar vafrak\u00f6kur eru nota\u00f0ar til a\u00f0 l\u00e1ta vefs\u00ed\u00f0u virka \u00e1 r\u00e9ttan h\u00e1tt, \u00fe\u00e6r eru almennt ekki nota\u00f0ar til a\u00f0 fylgjast me\u00f0 og er ekki deilt \u00e1 milli vefja.<\/p>\n<p style=\"text-align: left;\">Algengasta nau\u00f0synlega a\u00f0ger\u00f0in sem framkv\u00e6md er me\u00f0 vafrak\u00f6kum er au\u00f0kenning notenda. \u00deegar \u00fe\u00fa ratar inn \u00e1 vefs\u00ed\u00f0u er vafrakak geymd \u00ed vafranum \u00fe\u00ednum \u00fear sem g\u00f6gn eru notu\u00f0 af vefnum til a\u00f0 muna hver er \u00e1 fer\u00f0inni \u00feegar \u00fe\u00fa fer\u00f0 \u00e1 a\u00f0ra innri s\u00ed\u00f0u e\u00f0a endurn\u00fdjar s\u00ed\u00f0una.<\/p>\n<p style=\"text-align: left;\">F\u00f3tspor eru einnig notu\u00f0 \u00feannig a\u00f0 vefur veit hva\u00f0 er \u00ed innkaupak\u00f6rfunni \u00feinni, hva\u00f0a v\u00f6rur er n\u00fdb\u00fai\u00f0 a\u00f0 sko\u00f0a og fleira.<\/p>\n<p style=\"text-align: left;\">\u00a0<\/p>\n<hr \/>\n<h3 style=\"text-align: center;\">GREININGAR VAFRAK\u00d6KUR<\/h3>\n<p style=\"text-align: left;\">Greiningar vafrak\u00f6kur eru ekki nau\u00f0synlegar en \u00fe\u00e6r eru nota\u00f0ar til a\u00f0 safna ver\u00f0m\u00e6tum uppl\u00fdsingum um \u00fea\u00f0 hvernig vefs\u00ed\u00f0a er notu\u00f0, greina m\u00e1l og reikna \u00fat hva\u00f0 \u00fearf a\u00f0 b\u00e6ta \u00e1 vefnum og hva\u00f0a innihald er gagnlegt. Uppl\u00fdsingarnar sem safna\u00f0 er \u00ed flestum tilvikum nafnlausar en sumar greiningar\u00fej\u00f3nustur safna uppl\u00fdsingum sem h\u00e6gt er a\u00f0 nota til a\u00f0 bera kennsl \u00e1 notandann.<\/p>\n<p style=\"text-align: left;\">\u00a0<\/p>\n<hr \/>\n<h3 style=\"text-align: center;\">MARKA\u00d0S VAFRAK\u00d6KUR<\/h3>\n<p style=\"text-align: left;\">Marka\u00f0s vafrak\u00f6kur eru nota\u00f0ar til a\u00f0 fylgjast me\u00f0 notendum \u00e1 vefs\u00ed\u00f0um til a\u00f0 greina notkuna og gera \u00fatgefendum kleift a\u00f0 birta vi\u00f0eigandi augl\u00fdsingar.<\/p>\n<p style=\"text-align: left;\">\u00a0<\/p>\n<hr \/>\n<p style=\"text-align: left;\">\u00a0<\/p>\n\n\t\t<\/div>\n\t\t\t\t\t<\/div>\n\n\t\n\n<\/div>\n\n\t\t<\/div>\n\n\t\t\n<style>\n#section_131670243 {\n  padding-top: 100px;\n  padding-bottom: 100px;\n  min-height: 300px;\n}\n<\/style>\n\t<\/section>","protected":false},"excerpt":{"rendered":"","protected":false},"author":2,"featured_media":0,"parent":0,"menu_order":0,"comment_status":"closed","ping_status":"closed","template":"","meta":{"_monsterinsights_skip_tracking":false,"_monsterinsights_sitenote_active":false,"_monsterinsights_sitenote_note":"","_monsterinsights_sitenote_category":0,"footnotes":""},"class_list":["post-1894","page","type-page","status-publish","hentry"],"_links":{"self":[{"href":"https:\/\/dvergarnir.is\/en\/wp-json\/wp\/v2\/pages\/1894","targetHints":{"allow":["GET"]}}],"collection":[{"href":"https:\/\/dvergarnir.is\/en\/wp-json\/wp\/v2\/pages"}],"about":[{"href":"https:\/\/dvergarnir.is\/en\/wp-json\/wp\/v2\/types\/page"}],"author":[{"embeddable":true,"href":"https:\/\/dvergarnir.is\/en\/wp-json\/wp\/v2\/users\/2"}],"replies":[{"embeddable":true,"href":"https:\/\/dvergarnir.is\/en\/wp-json\/wp\/v2\/comments?post=1894"}],"version-history":[{"count":0,"href":"https:\/\/dvergarnir.is\/en\/wp-json\/wp\/v2\/pages\/1894\/revisions"}],"wp:attachment":[{"href":"https:\/\/dvergarnir.is\/en\/wp-json\/wp\/v2\/media?parent=1894"}],"curies":[{"name":"wp","href":"https:\/\/api.w.org\/{rel}","templated":true}]}}