{"id":1779,"date":"2020-05-12T14:54:41","date_gmt":"2020-05-12T14:54:41","guid":{"rendered":"https:\/\/dvergarnir.is\/?page_id=1779"},"modified":"2020-05-12T16:52:48","modified_gmt":"2020-05-12T16:52:48","slug":"taekniupplysingar","status":"publish","type":"page","link":"https:\/\/dvergarnir.is\/en\/taekniupplysingar\/","title":{"rendered":"Technical information"},"content":{"rendered":"<section class=\"section has-mask mask-angled-large\" id=\"section_1879713439\">\n\t\t<div class=\"section-bg fill\" >\n\t\t\t\t\t\t\t\t\t\n\t\t\t\n\n\t\t<\/div>\n\n\t\t\n\n\t\t<div class=\"section-content relative\">\n\t\t\t\n\n<div class=\"row align-center\"  id=\"row-967465275\">\n\n\n\t<div id=\"col-271893045\" class=\"col small-12 large-12\"  data-animate=\"bounceIn\">\n\t\t\t\t<div class=\"col-inner text-center\"  >\n\t\t\t\n\t\t\t\n\n<h1 style=\"text-align: center;\">Technical information\u00a0<\/h1>\n<p style=\"text-align: left;\">\u00a0<\/p>\n<hr \/>\n<div data-t-w-inherits=\"default\" data-border-radius=\"none\" data-shadow=\"none\" data-border-animation=\"\" data-border-animation-delay=\"\" data-border-width=\"none\" data-border-style=\"solid\" data-border-color=\"\" data-bg-cover=\"\" data-padding-pos=\"all\" data-has-bg-color=\"false\" data-bg-color=\"\" data-bg-opacity=\"1\" data-hover-bg=\"\" data-hover-bg-opacity=\"1\" data-animation=\"\" data-delay=\"0\">\n<h3 style=\"text-align: center;\">H\u00d6NNUNIN<\/h3>\n<p style=\"text-align: left;\">DVERGARNIR eru n\u00fd h\u00f6nnun \u00e1 st\u00f3lpum undir sumarh\u00fas, b\u00edlsk\u00fdli og sm\u00e1h\u00fdsi, s\u00f3lpalla, gir\u00f0ingar, \u00f6ryggisgir\u00f0ingar, g\u00f6ngust\u00edga, skilti, flaggstangir, stiga, br\u00fdr, \u00ed\u00fer\u00f3tta- &amp; leikt\u00e6ki, afmarkanir b\u00edlast\u00e6\u00f0a &amp; sv\u00e6\u00f0a o.fl.<\/p>\n<p style=\"text-align: left;\"><br \/>H\u00f6nnuninn, styrkurinn og l\u00e9ttleikinn tryggja betri undirst\u00f6\u00f0u og festu \u00ed jar\u00f0vegi. H\u00f6nnun st\u00f3lpanna skilar um 35% l\u00e9ttari einingum en sl\u00e9ttir st\u00f3lpar sem gerir \u00fe\u00e1 me\u00f0f\u00e6rilegri og tryggir jafnframt mun betri festu \u00ed jar\u00f0vegi en hef\u00f0bundnar undirst\u00f6\u00f0ur. 16mm innsteypt heitgalvanh\u00fa\u00f0u\u00f0 m\u00farhulsa \u00ed toppi st\u00f3lpanna gefur m\u00f6guleika \u00e1 h\u00e6\u00f0ar- og stefnustillingum me\u00f0 snittteinum \u00ed mismunandi lengdum, h\u00fan er einnig festing fyrir \u00fdmsar tegundir af heitgalvanh\u00fa\u00f0u\u00f0um festingaj\u00e1rnum og tengistykkjum.<\/p>\n<p>\u00a0<\/p>\n<\/div>\n<hr \/>\n<div data-t-w-inherits=\"default\" data-border-radius=\"none\" data-shadow=\"none\" data-border-animation=\"\" data-border-animation-delay=\"\" data-border-width=\"none\" data-border-style=\"solid\" data-border-color=\"\" data-bg-cover=\"\" data-padding-pos=\"all\" data-has-bg-color=\"false\" data-bg-color=\"\" data-bg-opacity=\"1\" data-hover-bg=\"\" data-hover-bg-opacity=\"1\" data-animation=\"\" data-delay=\"0\">\n<h3 style=\"text-align: center;\">STYRKUR<\/h3>\n<p style=\"text-align: left;\"><br \/>\u00cd DVERGANA er notu\u00f0 sj\u00e1lf\u00fatleggjandi C45 (Mpa) g\u00e6\u00f0asteypa sem er mj\u00f6g ve\u00f0ur\u00feolin og uppfyllir miklar kr\u00f6fur um styrk og endingu fyrir forsteyptar einingar sem ver\u00f0a fyrir miklu ve\u00f0ur\u00e1lagi, \u00farkomu og frosti. DVERGARNIR eru hanna\u00f0ir me\u00f0 \u00fea\u00f0 markmi\u00f0i a\u00f0 l\u00e1gmarka \u00feyngd \u00feeirra til a\u00f0 au\u00f0velda almenna me\u00f0h\u00f6ndlun, s\u00e9rstaklega vi\u00f0 erfi\u00f0ar a\u00f0st\u00e6\u00f0ur \u00ed bakg\u00f6r\u00f0um og \u00fati \u00ed n\u00e1tt\u00farunni vi\u00f0 sumarh\u00fas og v\u00ed\u00f0ar. Form \u00feeirra tryggir \u00e1 m\u00f3ti h\u00e1marks festu \u00ed jar\u00f0vegi sem f\u00e6st me\u00f0 \u00fev\u00ed a\u00f0 n\u00fdta \u00feyngd jar\u00f0vegsins n\u00e6st \u00feeim. \u00deannig taka \u00feeir me\u00f0 s\u00e9r jar\u00f0veg umhverfis \u00fe\u00e1 sem er oft margf\u00f6ld eigin \u00feyngd \u00feeirra.<\/p>\n<p style=\"text-align: left;\">\u00a0<\/p>\n<\/div>\n<div class=\"row\"  id=\"row-2078529635\">\n\n\n\t<div id=\"col-121843153\" class=\"col medium-8 small-12 large-8\"  >\n\t\t\t\t<div class=\"col-inner\"  >\n\t\t\t\n\t\t\t\n\n<div data-t-w-inherits=\"default\" data-border-radius=\"none\" data-shadow=\"none\" data-border-animation=\"\" data-border-animation-delay=\"\" data-border-width=\"none\" data-border-style=\"solid\" data-border-color=\"\" data-bg-cover=\"\" data-padding-pos=\"all\" data-has-bg-color=\"false\" data-bg-color=\"\" data-bg-opacity=\"1\" data-hover-bg=\"\" data-hover-bg-opacity=\"1\" data-animation=\"\" data-delay=\"0\">\n<div>\n<div>\n<div>\n<div>\n<p style=\"text-align: left;\">\u00cd DVERGUNUM er 8mm steypustyrktarst\u00e1l sem er su\u00f0uh\u00e6ft kambst\u00e1l. \u00cd hverjum st\u00f3lpa er a\u00f0 l\u00e1gmarki st\u00e1lgrind me\u00f0 fj\u00f3rum l\u00f3\u00f0r\u00e9ttum st\u00f6ngum og lykkju \u00ed botni, en mismunandi \u00fatf\u00e6rsla \u00e1 st\u00e1lgrind, j\u00e1rnast\u00e6r\u00f0 og magni af steypustyrktarst\u00e1li fer eftir st\u00e6r\u00f0 og notagildi hvers st\u00f3lpa. St\u00e1li\u00f0 eykur styrk st\u00f3lpana og tengist 16mm innsteyptri m\u00farhulsu sem er \u00ed toppi st\u00f3lpanna. \u00deetta tryggir \u00f6rugga boltafestingu \u00feeirra hluta sem festir eru \u00e1 st\u00f3lpana, allt eftir \u00fe\u00f6rfum og a\u00f0st\u00e6\u00f0um hverju sinni.<\/p>\n<\/div>\n<\/div>\n<\/div>\n<\/div>\n<\/div>\n\n\t\t<\/div>\n\t\t\t\t\t<\/div>\n\n\t\n\n\t<div id=\"col-1325599186\" class=\"col medium-4 small-12 large-4\"  >\n\t\t\t\t<div class=\"col-inner text-center\"  >\n\t\t\t\n\t\t\t\n\n\t<div class=\"img has-hover x md-x lg-x y md-y lg-y\" id=\"image_1028929536\">\n\t\t\t\t\t\t\t\t<div class=\"img-inner dark\" >\n\t\t\t<img decoding=\"async\" width=\"153\" height=\"300\" src=\"https:\/\/dvergarnir.is\/wp-content\/uploads\/2020\/05\/Jarnagrind_Dvergarnir_Islandshus.png\" class=\"attachment-original size-original\" alt=\"\" \/>\t\t\t\t\t\t\n\t\t\t\t\t<\/div>\n\t\t\t\t\t\t\t\t\n<style>\n#image_1028929536 {\n  width: 31%;\n}\n@media (min-width:550px) {\n  #image_1028929536 {\n    width: 50%;\n  }\n}\n<\/style>\n\t<\/div>\n\t\n\n\n\t\t<\/div>\n\t\t\t\t\t<\/div>\n\n\t\n\n<\/div>\n<div data-t-w-inherits=\"default\" data-border-radius=\"none\" data-shadow=\"none\" data-border-animation=\"\" data-border-animation-delay=\"\" data-border-width=\"none\" data-border-style=\"solid\" data-border-color=\"\" data-bg-cover=\"\" data-padding-pos=\"all\" data-has-bg-color=\"false\" data-bg-color=\"\" data-bg-opacity=\"1\" data-hover-bg=\"\" data-hover-bg-opacity=\"1\" data-animation=\"\" data-delay=\"0\">\n<div>\n<div>\n<div>\n<div>\u00a0<\/div>\n<\/div>\n<\/div>\n<\/div>\n<\/div>\n<div data-t-w-inherits=\"default\" data-border-radius=\"none\" data-shadow=\"none\" data-border-animation=\"\" data-border-animation-delay=\"\" data-border-width=\"none\" data-border-style=\"solid\" data-border-color=\"\" data-bg-cover=\"\" data-padding-pos=\"all\" data-has-bg-color=\"false\" data-bg-color=\"\" data-bg-opacity=\"1\" data-hover-bg=\"\" data-hover-bg-opacity=\"1\" data-animation=\"\" data-delay=\"0\">\n<div><hr \/><\/div>\n<div>\n<h3 style=\"text-align: center;\">\u00cdSLENSK H\u00d6NNUN<\/h3>\n<p style=\"text-align: left;\">DVERGARNIR og tengistykki \u00feeirra eru sprottin af \u00edslenskri h\u00f6nnun og hugviti. Framlei\u00f0sla DVERGANNA fer fram \u00e1 \u00cdslandi og er atvinnuskapandi. Tengistykki DVERGANNA eru einnig \u00edslensk framlei\u00f0sla, h\u00f6nnu\u00f0 fyrir \u00edslenskar a\u00f0st\u00e6\u00f0ur og notagildi.<\/p>\n<p style=\"text-align: left;\">\u00cd DVERGANA er innsteypt s\u00e9rh\u00f6nnu\u00f0 j\u00e1rnagrind sem tengd er 16mm innsteyptri heitgalvanh\u00fa\u00f0a\u00f0ri m\u00farhulsu \u00ed toppi st\u00f3lpanna sem gefur m\u00f6guleika \u00e1 h\u00e6\u00f0ar- og stefnustillingum og er festing fyrir \u00fdmsar tegundir festi- og tengistykkja. \u00deess vegna eru DVERGARNIR engir venjulegir st\u00f3lpar. Form \u00feeirra, bur\u00f0arh\u00f6nnun og fj\u00f6lbreytilegt notagildi er kostur sem engir a\u00f0rir st\u00f3lpar geta st\u00e1ta\u00f0 af.<\/p>\n<\/div>\n<\/div>\n<h3>\u00a0<\/h3>\n<hr \/>\n<h3 style=\"text-align: center;\">G\u00c6\u00d0AKERFI<\/h3>\n<div style=\"text-align: left;\" data-t-w-inherits=\"default\" data-border-radius=\"none\" data-shadow=\"none\" data-border-animation=\"\" data-border-animation-delay=\"\" data-border-width=\"none\" data-border-style=\"solid\" data-border-color=\"\" data-bg-cover=\"\" data-padding-pos=\"all\" data-has-bg-color=\"false\" data-bg-color=\"\" data-bg-opacity=\"1\" data-hover-bg=\"\" data-hover-bg-opacity=\"1\" data-animation=\"\" data-delay=\"0\">\n<div>\n<div>\n<div>\n<div>\n<p>\u00cd \u00f6llum forsteyptum framlei\u00f0sluv\u00f6rum \u00cdslandsh\u00fasa eru innstimpla\u00f0ar merkingar sem l\u00fdsa heiti, \u00feyngd v\u00f6runnar, framlei\u00f0anda og framlei\u00f0slun\u00fameri. Me\u00f0 innra g\u00e6\u00f0aeftirliti fyrirt\u00e6kisins er framlei\u00f0sluferli\u00f0 rekjanlegt, s\u00e9 \u00feess \u00fe\u00f6rf vegna g\u00e6\u00f0am\u00e1la. Ath. uppgefnar \u00feyngdir framlei\u00f0slunnar geta veri\u00f0 breytilegar +\/- 5%.<\/p>\n<p>\u00a0<\/p>\n<hr \/>\n<h3 style=\"text-align: center;\">SKR\u00c1SETT V\u00d6RUMERKI<\/h3>\n<p>\u00cdSLANDSH\u00daS\u00ae OG DVERGARNIR\u00ae eru skr\u00e1sett v\u00f6rumerki og \u00f3heimilt er a\u00f0 nota \u00feau me\u00f0 einhverjum h\u00e6tti \u00e1n leyfis \u00cdslandsh\u00fasa ehf. DVERGARNIR, tengistykkin og \u00f6nnur framlei\u00f0sla \u00cdslandsh\u00fasa er varin me\u00f0 H\u00f6nnunarvernd skr\u00e1\u00f0ri hj\u00e1 Einkaleyfastofu.<\/p>\n<p>\u00a0<\/p>\n<\/div>\n<hr \/>\n<p>\u00a0<\/p>\n<\/div>\n<\/div>\n<\/div>\n<\/div>\n\n\t\t<\/div>\n\t\t\t\t\t<\/div>\n\n\t\n\n<\/div>\n\n\t\t<\/div>\n\n\t\t\n<style>\n#section_1879713439 {\n  padding-top: 100px;\n  padding-bottom: 100px;\n  min-height: 300px;\n}\n<\/style>\n\t<\/section>","protected":false},"excerpt":{"rendered":"","protected":false},"author":2,"featured_media":0,"parent":0,"menu_order":0,"comment_status":"closed","ping_status":"closed","template":"","meta":{"_monsterinsights_skip_tracking":false,"_monsterinsights_sitenote_active":false,"_monsterinsights_sitenote_note":"","_monsterinsights_sitenote_category":0,"footnotes":""},"class_list":["post-1779","page","type-page","status-publish","hentry"],"_links":{"self":[{"href":"https:\/\/dvergarnir.is\/en\/wp-json\/wp\/v2\/pages\/1779","targetHints":{"allow":["GET"]}}],"collection":[{"href":"https:\/\/dvergarnir.is\/en\/wp-json\/wp\/v2\/pages"}],"about":[{"href":"https:\/\/dvergarnir.is\/en\/wp-json\/wp\/v2\/types\/page"}],"author":[{"embeddable":true,"href":"https:\/\/dvergarnir.is\/en\/wp-json\/wp\/v2\/users\/2"}],"replies":[{"embeddable":true,"href":"https:\/\/dvergarnir.is\/en\/wp-json\/wp\/v2\/comments?post=1779"}],"version-history":[{"count":0,"href":"https:\/\/dvergarnir.is\/en\/wp-json\/wp\/v2\/pages\/1779\/revisions"}],"wp:attachment":[{"href":"https:\/\/dvergarnir.is\/en\/wp-json\/wp\/v2\/media?parent=1779"}],"curies":[{"name":"wp","href":"https:\/\/api.w.org\/{rel}","templated":true}]}}