{"id":1424,"date":"2020-04-17T17:19:23","date_gmt":"2020-04-17T17:19:23","guid":{"rendered":"https:\/\/dvergarnir.is\/?page_id=1424"},"modified":"2024-04-13T13:48:12","modified_gmt":"2024-04-13T13:48:12","slug":"byggingakerfid","status":"publish","type":"page","link":"https:\/\/dvergarnir.is\/en\/byggingakerfid\/","title":{"rendered":"Building system"},"content":{"rendered":"<div class=\"row align-center hide-for-small\"  id=\"row-1691421864\">\n\n\n\t<div id=\"col-88959974\" class=\"col medium-4 small-12 large-4\"  >\n\t\t\t\t<div class=\"col-inner text-center\"  >\n\t\t\t\n\t\t\t\n\n\t<div id=\"gap-906442350\" class=\"gap-element clearfix\" style=\"display:block; height:auto;\">\n\t\t\n<style>\n#gap-906442350 {\n  padding-top: 30px;\n}\n<\/style>\n\t<\/div>\n\t\n\n<h1>Dvergarnir \u2013 byggingakerfi\u00f0<\/h1>\n<p>H\u00e9r h\u00f6fum vi\u00f0 teki\u00f0 saman \u00fe\u00e6r v\u00f6rur sem henta vel undir pallasm\u00ed\u00f0i. Byggingakerfi\u00f0 \u00fatsk\u00fdrt \u00e1 au\u00f0veldan og \u00fe\u00e6gilegan h\u00e1tt,<\/p>\n\t<div id=\"gap-1992789326\" class=\"gap-element clearfix\" style=\"display:block; height:auto;\">\n\t\t\n<style>\n#gap-1992789326 {\n  padding-top: 30px;\n}\n<\/style>\n\t<\/div>\n\t\n\n\t<div class=\"img has-hover x md-x lg-x y md-y lg-y\" id=\"image_356619115\">\n\t\t<a class=\"\" href=\"https:\/\/dvergarnir.is\/wp-content\/uploads\/2024\/04\/Fjorblodungur-C-2024-website-spreads-compressed.pdf\" >\t\t\t\t<div data-animate=\"bounceInUp\">\t\t<div class=\"img-inner box-shadow-3 dark\" >\n\t\t\t<img decoding=\"async\" width=\"595\" height=\"842\" src=\"https:\/\/dvergarnir.is\/wp-content\/uploads\/2024\/04\/Frontpage-Dvergarnir.jpg\" class=\"attachment-large size-large\" alt=\"\" srcset=\"https:\/\/dvergarnir.is\/wp-content\/uploads\/2024\/04\/Frontpage-Dvergarnir.jpg 595w, https:\/\/dvergarnir.is\/wp-content\/uploads\/2024\/04\/Frontpage-Dvergarnir-565x800.jpg 565w, https:\/\/dvergarnir.is\/wp-content\/uploads\/2024\/04\/Frontpage-Dvergarnir-283x400.jpg 283w, https:\/\/dvergarnir.is\/wp-content\/uploads\/2024\/04\/Frontpage-Dvergarnir-8x12.jpg 8w, https:\/\/dvergarnir.is\/wp-content\/uploads\/2024\/04\/Frontpage-Dvergarnir-400x566.jpg 400w\" sizes=\"(max-width: 595px) 100vw, 595px\" \/>\t\t\t\t\t\t\n\t\t\t\t\t<\/div>\n\t\t<\/div>\t\t\t\t<\/a>\t\t\n<style>\n#image_356619115 {\n  width: 100%;\n}\n<\/style>\n\t<\/div>\n\t\n\n\n\t\t<\/div>\n\t\t\t\t\t<\/div>\n\n\t\n\n<\/div>\n<div class=\"row align-center show-for-small\"  id=\"row-1645361540\">\n\n\n\t<div id=\"col-1061744369\" class=\"col medium-5 small-12 large-5\"  >\n\t\t\t\t<div class=\"col-inner text-center\"  >\n\t\t\t\n\t\t\t\n\n\t<div id=\"gap-122437636\" class=\"gap-element clearfix\" style=\"display:block; height:auto;\">\n\t\t\n<style>\n#gap-122437636 {\n  padding-top: 30px;\n}\n<\/style>\n\t<\/div>\n\t\n\n<div class=\"row\"  id=\"row-1804711480\">\n\n\n\t<div id=\"col-1202645323\" class=\"col small-12 large-12\"  >\n\t\t\t\t<div class=\"col-inner\"  >\n\t\t\t\n\t\t\t\n\n<h1>Dvergarnir \u2013 byggingakerfi\u00f0<\/h1>\n<p>H\u00e9r h\u00f6fum vi\u00f0 teki\u00f0 saman \u00fe\u00e6r v\u00f6rur sem henta vel undir pallasm\u00ed\u00f0i. Byggingakerfi\u00f0 \u00fatsk\u00fdrt \u00e1 au\u00f0veldan og \u00fe\u00e6gilegan h\u00e1tt,<\/p>\n\t<div class=\"img has-hover x md-x lg-x y md-y lg-y\" id=\"image_206497241\">\n\t\t<a class=\"\" href=\"https:\/\/dvergarnir.is\/wp-content\/uploads\/2024\/04\/Fjorblodungur-C-2024-website-compressed.pdf\" >\t\t\t\t\t\t<div class=\"img-inner box-shadow-2 dark\" >\n\t\t\t<img decoding=\"async\" width=\"595\" height=\"842\" src=\"https:\/\/dvergarnir.is\/wp-content\/uploads\/2024\/04\/Frontpage-Dvergarnir.jpg\" class=\"attachment-large size-large\" alt=\"\" srcset=\"https:\/\/dvergarnir.is\/wp-content\/uploads\/2024\/04\/Frontpage-Dvergarnir.jpg 595w, https:\/\/dvergarnir.is\/wp-content\/uploads\/2024\/04\/Frontpage-Dvergarnir-565x800.jpg 565w, https:\/\/dvergarnir.is\/wp-content\/uploads\/2024\/04\/Frontpage-Dvergarnir-283x400.jpg 283w, https:\/\/dvergarnir.is\/wp-content\/uploads\/2024\/04\/Frontpage-Dvergarnir-8x12.jpg 8w, https:\/\/dvergarnir.is\/wp-content\/uploads\/2024\/04\/Frontpage-Dvergarnir-400x566.jpg 400w\" sizes=\"(max-width: 595px) 100vw, 595px\" \/>\t\t\t\t\t\t\n\t\t\t\t\t<\/div>\n\t\t\t\t\t\t<\/a>\t\t\n<style>\n#image_206497241 {\n  width: 100%;\n}\n<\/style>\n\t<\/div>\n\t\n\n\n\t\t<\/div>\n\t\t\t\t\t<\/div>\n\n\t\n\n<\/div>\n\n\t\t<\/div>\n\t\t\t\t\t<\/div>\n\n\t\n\n<\/div>","protected":false},"excerpt":{"rendered":"","protected":false},"author":2,"featured_media":0,"parent":0,"menu_order":0,"comment_status":"closed","ping_status":"closed","template":"","meta":{"_monsterinsights_skip_tracking":false,"_monsterinsights_sitenote_active":false,"_monsterinsights_sitenote_note":"","_monsterinsights_sitenote_category":0,"footnotes":""},"class_list":["post-1424","page","type-page","status-publish","hentry"],"_links":{"self":[{"href":"https:\/\/dvergarnir.is\/en\/wp-json\/wp\/v2\/pages\/1424","targetHints":{"allow":["GET"]}}],"collection":[{"href":"https:\/\/dvergarnir.is\/en\/wp-json\/wp\/v2\/pages"}],"about":[{"href":"https:\/\/dvergarnir.is\/en\/wp-json\/wp\/v2\/types\/page"}],"author":[{"embeddable":true,"href":"https:\/\/dvergarnir.is\/en\/wp-json\/wp\/v2\/users\/2"}],"replies":[{"embeddable":true,"href":"https:\/\/dvergarnir.is\/en\/wp-json\/wp\/v2\/comments?post=1424"}],"version-history":[{"count":0,"href":"https:\/\/dvergarnir.is\/en\/wp-json\/wp\/v2\/pages\/1424\/revisions"}],"wp:attachment":[{"href":"https:\/\/dvergarnir.is\/en\/wp-json\/wp\/v2\/media?parent=1424"}],"curies":[{"name":"wp","href":"https:\/\/api.w.org\/{rel}","templated":true}]}}